{"id":611,"date":"2025-02-19T17:46:03","date_gmt":"2025-02-19T17:46:03","guid":{"rendered":"https:\/\/ruthmolinanutricion.es\/producto\/pack-integral-salud-pnei\/"},"modified":"2025-04-30T20:17:44","modified_gmt":"2025-04-30T20:17:44","slug":"pack-integral-salud-pnei","status":"publish","type":"product","link":"https:\/\/ruthmolinanutricion.es\/en\/producto\/pack-integral-salud-pnei\/","title":{"rendered":"Pack integral salud PNEI"},"content":{"rendered":"","protected":false},"excerpt":{"rendered":"<p>Mejora tu equilibrio f\u00edsico y mental con nuestro pack PNEI.<\/p>\n","protected":false},"featured_media":513,"comment_status":"open","ping_status":"closed","template":"","meta":{"_acf_changed":false,"iawp_total_views":0},"marca":[53,67],"product_brand":[],"product_cat":[110,105],"product_tag":[114,101,120],"class_list":{"0":"post-611","1":"product","2":"type-product","3":"status-publish","4":"has-post-thumbnail","6":"marca-cuerpo-mente","7":"marca-pnei","8":"product_cat-consultas-pnei-en","9":"product_cat-suplementacion-en","10":"product_tag-bienestar-en","11":"product_tag-nutricion-en","12":"product_tag-salud-integral-en","14":"first","15":"instock","16":"sale","17":"shipping-taxable","18":"purchasable","19":"product-type-simple"},"acf":[],"yoast_head":"<!-- This site is optimized with the Yoast SEO plugin v27.4 - https:\/\/yoast.com\/product\/yoast-seo-wordpress\/ -->\n<title>Pack Integral Salud PNEI | Cuerpo &amp; Mente PNEI<\/title>\n<meta name=\"description\" content=\"Descubre nuestro Pack Integral Salud PNEI y mejora tu equilibrio f\u00edsico y mental a un precio especial. Aprovecha env\u00edo gratis y devoluci\u00f3n en 100 d\u00edas. \u00a1Compra ahora!\" \/>\n<meta name=\"robots\" content=\"index, follow, max-snippet:-1, max-image-preview:large, max-video-preview:-1\" \/>\n<link rel=\"canonical\" href=\"https:\/\/ruthmolinanutricion.es\/en\/producto\/pack-integral-salud-pnei\/\" \/>\n<meta property=\"og:locale\" content=\"en_US\" \/>\n<meta property=\"og:type\" content=\"article\" \/>\n<meta property=\"og:title\" content=\"Pack Integral Salud PNEI | Cuerpo &amp; Mente PNEI\" \/>\n<meta property=\"og:description\" content=\"Descubre nuestro Pack Integral Salud PNEI y mejora tu equilibrio f\u00edsico y mental a un precio especial. Aprovecha env\u00edo gratis y devoluci\u00f3n en 100 d\u00edas. \u00a1Compra ahora!\" \/>\n<meta property=\"og:url\" content=\"https:\/\/ruthmolinanutricion.es\/en\/producto\/pack-integral-salud-pnei\/\" \/>\n<meta property=\"og:site_name\" content=\"Cuerpo &amp; Mente PNEI\" \/>\n<meta property=\"article:modified_time\" content=\"2025-04-30T20:17:44+00:00\" \/>\n<meta property=\"og:image\" content=\"https:\/\/ruthmolinanutricion.es\/wp-content\/uploads\/2025\/02\/Leonardo_Vision_XL_Disear_una_imagen_elegante_para_un_profesio_0.jpg\" \/>\n\t<meta property=\"og:image:width\" content=\"1792\" \/>\n\t<meta property=\"og:image:height\" content=\"1456\" \/>\n\t<meta property=\"og:image:type\" content=\"image\/jpeg\" \/>\n<meta name=\"twitter:card\" content=\"summary_large_image\" \/>\n<!-- \/ Yoast SEO plugin. -->","yoast_head_json":{"title":"Pack Integral Salud PNEI | Cuerpo & Mente PNEI","description":"Descubre nuestro Pack Integral Salud PNEI y mejora tu equilibrio f\u00edsico y mental a un precio especial. Aprovecha env\u00edo gratis y devoluci\u00f3n en 100 d\u00edas. \u00a1Compra ahora!","robots":{"index":"index","follow":"follow","max-snippet":"max-snippet:-1","max-image-preview":"max-image-preview:large","max-video-preview":"max-video-preview:-1"},"canonical":"https:\/\/ruthmolinanutricion.es\/en\/producto\/pack-integral-salud-pnei\/","og_locale":"en_US","og_type":"article","og_title":"Pack Integral Salud PNEI | Cuerpo & Mente PNEI","og_description":"Descubre nuestro Pack Integral Salud PNEI y mejora tu equilibrio f\u00edsico y mental a un precio especial. Aprovecha env\u00edo gratis y devoluci\u00f3n en 100 d\u00edas. \u00a1Compra ahora!","og_url":"https:\/\/ruthmolinanutricion.es\/en\/producto\/pack-integral-salud-pnei\/","og_site_name":"Cuerpo &amp; Mente PNEI","article_modified_time":"2025-04-30T20:17:44+00:00","og_image":[{"width":1792,"height":1456,"url":"https:\/\/ruthmolinanutricion.es\/wp-content\/uploads\/2025\/02\/Leonardo_Vision_XL_Disear_una_imagen_elegante_para_un_profesio_0.jpg","type":"image\/jpeg"}],"twitter_card":"summary_large_image","schema":{"@context":"https:\/\/schema.org","@graph":[{"@type":"WebPage","@id":"https:\/\/ruthmolinanutricion.es\/en\/producto\/pack-integral-salud-pnei\/","url":"https:\/\/ruthmolinanutricion.es\/en\/producto\/pack-integral-salud-pnei\/","name":"Pack Integral Salud PNEI | Cuerpo & Mente PNEI","isPartOf":{"@id":"https:\/\/ruthmolinanutricion.es\/en\/#website"},"primaryImageOfPage":{"@id":"https:\/\/ruthmolinanutricion.es\/en\/producto\/pack-integral-salud-pnei\/#primaryimage"},"image":{"@id":"https:\/\/ruthmolinanutricion.es\/en\/producto\/pack-integral-salud-pnei\/#primaryimage"},"thumbnailUrl":"https:\/\/ruthmolinanutricion.es\/wp-content\/uploads\/2025\/02\/Leonardo_Vision_XL_Disear_una_imagen_elegante_para_un_profesio_0.jpg","datePublished":"2025-02-19T17:46:03+00:00","dateModified":"2025-04-30T20:17:44+00:00","description":"Descubre nuestro Pack Integral Salud PNEI y mejora tu equilibrio f\u00edsico y mental a un precio especial. Aprovecha env\u00edo gratis y devoluci\u00f3n en 100 d\u00edas. \u00a1Compra ahora!","breadcrumb":{"@id":"https:\/\/ruthmolinanutricion.es\/en\/producto\/pack-integral-salud-pnei\/#breadcrumb"},"inLanguage":"en-US","potentialAction":[{"@type":"ReadAction","target":["https:\/\/ruthmolinanutricion.es\/en\/producto\/pack-integral-salud-pnei\/"]}]},{"@type":"ImageObject","inLanguage":"en-US","@id":"https:\/\/ruthmolinanutricion.es\/en\/producto\/pack-integral-salud-pnei\/#primaryimage","url":"https:\/\/ruthmolinanutricion.es\/wp-content\/uploads\/2025\/02\/Leonardo_Vision_XL_Disear_una_imagen_elegante_para_un_profesio_0.jpg","contentUrl":"https:\/\/ruthmolinanutricion.es\/wp-content\/uploads\/2025\/02\/Leonardo_Vision_XL_Disear_una_imagen_elegante_para_un_profesio_0.jpg","width":1792,"height":1456},{"@type":"BreadcrumbList","@id":"https:\/\/ruthmolinanutricion.es\/en\/producto\/pack-integral-salud-pnei\/#breadcrumb","itemListElement":[{"@type":"ListItem","position":1,"name":"Portada","item":"https:\/\/ruthmolinanutricion.es\/en\/home\/"},{"@type":"ListItem","position":2,"name":"Tienda","item":"https:\/\/ruthmolinanutricion.es\/en\/tienda\/"},{"@type":"ListItem","position":3,"name":"Pack integral salud PNEI"}]},{"@type":"WebSite","@id":"https:\/\/ruthmolinanutricion.es\/en\/#website","url":"https:\/\/ruthmolinanutricion.es\/en\/","name":"Cuerpo &amp; Mente PNEI","description":"","potentialAction":[{"@type":"SearchAction","target":{"@type":"EntryPoint","urlTemplate":"https:\/\/ruthmolinanutricion.es\/en\/?s={search_term_string}"},"query-input":{"@type":"PropertyValueSpecification","valueRequired":true,"valueName":"search_term_string"}}],"inLanguage":"en-US"}]}},"_links":{"self":[{"href":"https:\/\/ruthmolinanutricion.es\/en\/wp-json\/wp\/v2\/product\/611","targetHints":{"allow":["GET"]}}],"collection":[{"href":"https:\/\/ruthmolinanutricion.es\/en\/wp-json\/wp\/v2\/product"}],"about":[{"href":"https:\/\/ruthmolinanutricion.es\/en\/wp-json\/wp\/v2\/types\/product"}],"replies":[{"embeddable":true,"href":"https:\/\/ruthmolinanutricion.es\/en\/wp-json\/wp\/v2\/comments?post=611"}],"wp:featuredmedia":[{"embeddable":true,"href":"https:\/\/ruthmolinanutricion.es\/en\/wp-json\/wp\/v2\/media\/513"}],"wp:attachment":[{"href":"https:\/\/ruthmolinanutricion.es\/en\/wp-json\/wp\/v2\/media?parent=611"}],"wp:term":[{"taxonomy":"marca","embeddable":true,"href":"https:\/\/ruthmolinanutricion.es\/en\/wp-json\/wp\/v2\/marca?post=611"},{"taxonomy":"product_brand","embeddable":true,"href":"https:\/\/ruthmolinanutricion.es\/en\/wp-json\/wp\/v2\/product_brand?post=611"},{"taxonomy":"product_cat","embeddable":true,"href":"https:\/\/ruthmolinanutricion.es\/en\/wp-json\/wp\/v2\/product_cat?post=611"},{"taxonomy":"product_tag","embeddable":true,"href":"https:\/\/ruthmolinanutricion.es\/en\/wp-json\/wp\/v2\/product_tag?post=611"}],"curies":[{"name":"wp","href":"https:\/\/api.w.org\/{rel}","templated":true}]}}