{"id":615,"date":"2025-02-19T17:41:04","date_gmt":"2025-02-19T17:41:04","guid":{"rendered":"https:\/\/ruthmolinanutricion.es\/producto\/pack-bienestar-pnei-avanzado\/"},"modified":"2025-04-30T20:18:12","modified_gmt":"2025-04-30T20:18:12","slug":"pack-bienestar-pnei-avanzado","status":"publish","type":"product","link":"https:\/\/ruthmolinanutricion.es\/en\/producto\/pack-bienestar-pnei-avanzado\/","title":{"rendered":"Pack Bienestar PNEI Avanzado"},"content":{"rendered":"","protected":false},"excerpt":{"rendered":"<p>Suplementaci\u00f3n y visitas PNEI para tu salud integral.<\/p>\n","protected":false},"featured_media":473,"comment_status":"open","ping_status":"closed","template":"","meta":{"_acf_changed":false,"iawp_total_views":0},"marca":[53,61],"product_brand":[],"product_cat":[104,105],"product_tag":[114,102,124],"class_list":{"0":"post-615","1":"product","2":"type-product","3":"status-publish","4":"has-post-thumbnail","6":"marca-cuerpo-mente","7":"marca-pnei-salud","8":"product_cat-salud-integral-en","9":"product_cat-suplementacion-en","10":"product_tag-bienestar-en","11":"product_tag-psiconeuroendocrino-en","12":"product_tag-suplementacion-en","14":"first","15":"instock","16":"sale","17":"shipping-taxable","18":"purchasable","19":"product-type-simple"},"acf":[],"yoast_head":"<!-- This site is optimized with the Yoast SEO plugin v27.4 - https:\/\/yoast.com\/product\/yoast-seo-wordpress\/ -->\n<title>Pack Bienestar PNEI Avanzado - 50% Descuento<\/title>\n<meta name=\"description\" content=\"Aprovecha un 50% de descuento en el Pack Bienestar PNEI Avanzado. Incluye suplementaci\u00f3n y visitas para mejorar tu salud integral. Env\u00edo gratis y 100 d\u00edas de devoluci\u00f3n asegurados.\" \/>\n<meta name=\"robots\" content=\"index, follow, max-snippet:-1, max-image-preview:large, max-video-preview:-1\" \/>\n<link rel=\"canonical\" href=\"https:\/\/ruthmolinanutricion.es\/en\/producto\/pack-bienestar-pnei-avanzado\/\" \/>\n<meta property=\"og:locale\" content=\"en_US\" \/>\n<meta property=\"og:type\" content=\"article\" \/>\n<meta property=\"og:title\" content=\"Pack Bienestar PNEI Avanzado - 50% Descuento\" \/>\n<meta property=\"og:description\" content=\"Aprovecha un 50% de descuento en el Pack Bienestar PNEI Avanzado. Incluye suplementaci\u00f3n y visitas para mejorar tu salud integral. Env\u00edo gratis y 100 d\u00edas de devoluci\u00f3n asegurados.\" \/>\n<meta property=\"og:url\" content=\"https:\/\/ruthmolinanutricion.es\/en\/producto\/pack-bienestar-pnei-avanzado\/\" \/>\n<meta property=\"og:site_name\" content=\"Cuerpo &amp; Mente PNEI\" \/>\n<meta property=\"article:modified_time\" content=\"2025-04-30T20:18:12+00:00\" \/>\n<meta property=\"og:image\" content=\"https:\/\/ruthmolinanutricion.es\/wp-content\/uploads\/2025\/02\/Leonardo_Vision_XL_Crea_una_imagen_elegante_para_una_web_de_sa_0.jpg\" \/>\n\t<meta property=\"og:image:width\" content=\"1792\" \/>\n\t<meta property=\"og:image:height\" content=\"1456\" \/>\n\t<meta property=\"og:image:type\" content=\"image\/jpeg\" \/>\n<meta name=\"twitter:card\" content=\"summary_large_image\" \/>\n<!-- \/ Yoast SEO plugin. -->","yoast_head_json":{"title":"Pack Bienestar PNEI Avanzado - 50% Descuento","description":"Aprovecha un 50% de descuento en el Pack Bienestar PNEI Avanzado. Incluye suplementaci\u00f3n y visitas para mejorar tu salud integral. Env\u00edo gratis y 100 d\u00edas de devoluci\u00f3n asegurados.","robots":{"index":"index","follow":"follow","max-snippet":"max-snippet:-1","max-image-preview":"max-image-preview:large","max-video-preview":"max-video-preview:-1"},"canonical":"https:\/\/ruthmolinanutricion.es\/en\/producto\/pack-bienestar-pnei-avanzado\/","og_locale":"en_US","og_type":"article","og_title":"Pack Bienestar PNEI Avanzado - 50% Descuento","og_description":"Aprovecha un 50% de descuento en el Pack Bienestar PNEI Avanzado. Incluye suplementaci\u00f3n y visitas para mejorar tu salud integral. Env\u00edo gratis y 100 d\u00edas de devoluci\u00f3n asegurados.","og_url":"https:\/\/ruthmolinanutricion.es\/en\/producto\/pack-bienestar-pnei-avanzado\/","og_site_name":"Cuerpo &amp; Mente PNEI","article_modified_time":"2025-04-30T20:18:12+00:00","og_image":[{"width":1792,"height":1456,"url":"https:\/\/ruthmolinanutricion.es\/wp-content\/uploads\/2025\/02\/Leonardo_Vision_XL_Crea_una_imagen_elegante_para_una_web_de_sa_0.jpg","type":"image\/jpeg"}],"twitter_card":"summary_large_image","schema":{"@context":"https:\/\/schema.org","@graph":[{"@type":"WebPage","@id":"https:\/\/ruthmolinanutricion.es\/en\/producto\/pack-bienestar-pnei-avanzado\/","url":"https:\/\/ruthmolinanutricion.es\/en\/producto\/pack-bienestar-pnei-avanzado\/","name":"Pack Bienestar PNEI Avanzado - 50% Descuento","isPartOf":{"@id":"https:\/\/ruthmolinanutricion.es\/en\/#website"},"primaryImageOfPage":{"@id":"https:\/\/ruthmolinanutricion.es\/en\/producto\/pack-bienestar-pnei-avanzado\/#primaryimage"},"image":{"@id":"https:\/\/ruthmolinanutricion.es\/en\/producto\/pack-bienestar-pnei-avanzado\/#primaryimage"},"thumbnailUrl":"https:\/\/ruthmolinanutricion.es\/wp-content\/uploads\/2025\/02\/Leonardo_Vision_XL_Crea_una_imagen_elegante_para_una_web_de_sa_0.jpg","datePublished":"2025-02-19T17:41:04+00:00","dateModified":"2025-04-30T20:18:12+00:00","description":"Aprovecha un 50% de descuento en el Pack Bienestar PNEI Avanzado. Incluye suplementaci\u00f3n y visitas para mejorar tu salud integral. Env\u00edo gratis y 100 d\u00edas de devoluci\u00f3n asegurados.","breadcrumb":{"@id":"https:\/\/ruthmolinanutricion.es\/en\/producto\/pack-bienestar-pnei-avanzado\/#breadcrumb"},"inLanguage":"en-US","potentialAction":[{"@type":"ReadAction","target":["https:\/\/ruthmolinanutricion.es\/en\/producto\/pack-bienestar-pnei-avanzado\/"]}]},{"@type":"ImageObject","inLanguage":"en-US","@id":"https:\/\/ruthmolinanutricion.es\/en\/producto\/pack-bienestar-pnei-avanzado\/#primaryimage","url":"https:\/\/ruthmolinanutricion.es\/wp-content\/uploads\/2025\/02\/Leonardo_Vision_XL_Crea_una_imagen_elegante_para_una_web_de_sa_0.jpg","contentUrl":"https:\/\/ruthmolinanutricion.es\/wp-content\/uploads\/2025\/02\/Leonardo_Vision_XL_Crea_una_imagen_elegante_para_una_web_de_sa_0.jpg","width":1792,"height":1456},{"@type":"BreadcrumbList","@id":"https:\/\/ruthmolinanutricion.es\/en\/producto\/pack-bienestar-pnei-avanzado\/#breadcrumb","itemListElement":[{"@type":"ListItem","position":1,"name":"Portada","item":"https:\/\/ruthmolinanutricion.es\/en\/home\/"},{"@type":"ListItem","position":2,"name":"Tienda","item":"https:\/\/ruthmolinanutricion.es\/en\/tienda\/"},{"@type":"ListItem","position":3,"name":"Pack Bienestar PNEI Avanzado"}]},{"@type":"WebSite","@id":"https:\/\/ruthmolinanutricion.es\/en\/#website","url":"https:\/\/ruthmolinanutricion.es\/en\/","name":"Cuerpo &amp; Mente PNEI","description":"","potentialAction":[{"@type":"SearchAction","target":{"@type":"EntryPoint","urlTemplate":"https:\/\/ruthmolinanutricion.es\/en\/?s={search_term_string}"},"query-input":{"@type":"PropertyValueSpecification","valueRequired":true,"valueName":"search_term_string"}}],"inLanguage":"en-US"}]}},"_links":{"self":[{"href":"https:\/\/ruthmolinanutricion.es\/en\/wp-json\/wp\/v2\/product\/615","targetHints":{"allow":["GET"]}}],"collection":[{"href":"https:\/\/ruthmolinanutricion.es\/en\/wp-json\/wp\/v2\/product"}],"about":[{"href":"https:\/\/ruthmolinanutricion.es\/en\/wp-json\/wp\/v2\/types\/product"}],"replies":[{"embeddable":true,"href":"https:\/\/ruthmolinanutricion.es\/en\/wp-json\/wp\/v2\/comments?post=615"}],"wp:featuredmedia":[{"embeddable":true,"href":"https:\/\/ruthmolinanutricion.es\/en\/wp-json\/wp\/v2\/media\/473"}],"wp:attachment":[{"href":"https:\/\/ruthmolinanutricion.es\/en\/wp-json\/wp\/v2\/media?parent=615"}],"wp:term":[{"taxonomy":"marca","embeddable":true,"href":"https:\/\/ruthmolinanutricion.es\/en\/wp-json\/wp\/v2\/marca?post=615"},{"taxonomy":"product_brand","embeddable":true,"href":"https:\/\/ruthmolinanutricion.es\/en\/wp-json\/wp\/v2\/product_brand?post=615"},{"taxonomy":"product_cat","embeddable":true,"href":"https:\/\/ruthmolinanutricion.es\/en\/wp-json\/wp\/v2\/product_cat?post=615"},{"taxonomy":"product_tag","embeddable":true,"href":"https:\/\/ruthmolinanutricion.es\/en\/wp-json\/wp\/v2\/product_tag?post=615"}],"curies":[{"name":"wp","href":"https:\/\/api.w.org\/{rel}","templated":true}]}}