{"id":621,"date":"2025-02-19T17:35:20","date_gmt":"2025-02-19T17:35:20","guid":{"rendered":"https:\/\/ruthmolinanutricion.es\/producto\/pack-salud-pnei-suplementacion-de-bienestar\/"},"modified":"2025-04-30T20:18:53","modified_gmt":"2025-04-30T20:18:53","slug":"pack-salud-pnei-suplementacion-de-bienestar","status":"publish","type":"product","link":"https:\/\/ruthmolinanutricion.es\/en\/producto\/pack-salud-pnei-suplementacion-de-bienestar\/","title":{"rendered":"Pack salud PNEI &amp; Suplementaci\u00f3n de bienestar"},"content":{"rendered":"","protected":false},"excerpt":{"rendered":"<p>Mejora tu bienestar con nuestro pack PNEI y suplementos.<\/p>\n","protected":false},"featured_media":405,"comment_status":"open","ping_status":"closed","template":"","meta":{"_acf_changed":false,"iawp_total_views":0},"marca":[60,67],"product_brand":[],"product_cat":[128,131],"product_tag":[101,130,124],"class_list":{"0":"post-621","1":"product","2":"type-product","3":"status-publish","4":"has-post-thumbnail","6":"marca-cuerpomente","7":"marca-pnei","8":"product_cat-psiconeuro-en","9":"product_cat-salud-en","10":"product_tag-nutricion-en","11":"product_tag-pnei-en","12":"product_tag-suplementacion-en","14":"first","15":"instock","16":"sale","17":"shipping-taxable","18":"purchasable","19":"product-type-simple"},"acf":[],"yoast_head":"<!-- This site is optimized with the Yoast SEO plugin v27.4 - https:\/\/yoast.com\/product\/yoast-seo-wordpress\/ -->\n<title>Pack Salud PNEI &amp; Bienestar - Cuerpo &amp; Mente PNEI<\/title>\n<meta name=\"description\" content=\"Descubre el pack Salud PNEI y mejora tu bienestar con suplementos. Precio especial: 227,25 \u20ac. Env\u00edo gratis y devoluci\u00f3n en 100 d\u00edas. Perfecto para ti.\" \/>\n<meta name=\"robots\" content=\"index, follow, max-snippet:-1, max-image-preview:large, max-video-preview:-1\" \/>\n<link rel=\"canonical\" href=\"https:\/\/ruthmolinanutricion.es\/en\/producto\/pack-salud-pnei-suplementacion-de-bienestar\/\" \/>\n<meta property=\"og:locale\" content=\"en_US\" \/>\n<meta property=\"og:type\" content=\"article\" \/>\n<meta property=\"og:title\" content=\"Pack Salud PNEI &amp; Bienestar - Cuerpo &amp; Mente PNEI\" \/>\n<meta property=\"og:description\" content=\"Descubre el pack Salud PNEI y mejora tu bienestar con suplementos. Precio especial: 227,25 \u20ac. Env\u00edo gratis y devoluci\u00f3n en 100 d\u00edas. Perfecto para ti.\" \/>\n<meta property=\"og:url\" content=\"https:\/\/ruthmolinanutricion.es\/en\/producto\/pack-salud-pnei-suplementacion-de-bienestar\/\" \/>\n<meta property=\"og:site_name\" content=\"Cuerpo &amp; Mente PNEI\" \/>\n<meta property=\"article:modified_time\" content=\"2025-04-30T20:18:53+00:00\" \/>\n<meta property=\"og:image\" content=\"https:\/\/ruthmolinanutricion.es\/wp-content\/uploads\/2025\/02\/Leonardo_Vision_XL_Crear_una_imagen_elegante_que_transmita_bie_0.jpg\" \/>\n\t<meta property=\"og:image:width\" content=\"1792\" \/>\n\t<meta property=\"og:image:height\" content=\"1456\" \/>\n\t<meta property=\"og:image:type\" content=\"image\/jpeg\" \/>\n<meta name=\"twitter:card\" content=\"summary_large_image\" \/>\n<!-- \/ Yoast SEO plugin. -->","yoast_head_json":{"title":"Pack Salud PNEI & Bienestar - Cuerpo & Mente PNEI","description":"Descubre el pack Salud PNEI y mejora tu bienestar con suplementos. Precio especial: 227,25 \u20ac. Env\u00edo gratis y devoluci\u00f3n en 100 d\u00edas. Perfecto para ti.","robots":{"index":"index","follow":"follow","max-snippet":"max-snippet:-1","max-image-preview":"max-image-preview:large","max-video-preview":"max-video-preview:-1"},"canonical":"https:\/\/ruthmolinanutricion.es\/en\/producto\/pack-salud-pnei-suplementacion-de-bienestar\/","og_locale":"en_US","og_type":"article","og_title":"Pack Salud PNEI & Bienestar - Cuerpo & Mente PNEI","og_description":"Descubre el pack Salud PNEI y mejora tu bienestar con suplementos. Precio especial: 227,25 \u20ac. Env\u00edo gratis y devoluci\u00f3n en 100 d\u00edas. Perfecto para ti.","og_url":"https:\/\/ruthmolinanutricion.es\/en\/producto\/pack-salud-pnei-suplementacion-de-bienestar\/","og_site_name":"Cuerpo &amp; Mente PNEI","article_modified_time":"2025-04-30T20:18:53+00:00","og_image":[{"width":1792,"height":1456,"url":"https:\/\/ruthmolinanutricion.es\/wp-content\/uploads\/2025\/02\/Leonardo_Vision_XL_Crear_una_imagen_elegante_que_transmita_bie_0.jpg","type":"image\/jpeg"}],"twitter_card":"summary_large_image","schema":{"@context":"https:\/\/schema.org","@graph":[{"@type":"WebPage","@id":"https:\/\/ruthmolinanutricion.es\/en\/producto\/pack-salud-pnei-suplementacion-de-bienestar\/","url":"https:\/\/ruthmolinanutricion.es\/en\/producto\/pack-salud-pnei-suplementacion-de-bienestar\/","name":"Pack Salud PNEI & Bienestar - Cuerpo & Mente PNEI","isPartOf":{"@id":"https:\/\/ruthmolinanutricion.es\/en\/#website"},"primaryImageOfPage":{"@id":"https:\/\/ruthmolinanutricion.es\/en\/producto\/pack-salud-pnei-suplementacion-de-bienestar\/#primaryimage"},"image":{"@id":"https:\/\/ruthmolinanutricion.es\/en\/producto\/pack-salud-pnei-suplementacion-de-bienestar\/#primaryimage"},"thumbnailUrl":"https:\/\/ruthmolinanutricion.es\/wp-content\/uploads\/2025\/02\/Leonardo_Vision_XL_Crear_una_imagen_elegante_que_transmita_bie_0.jpg","datePublished":"2025-02-19T17:35:20+00:00","dateModified":"2025-04-30T20:18:53+00:00","description":"Descubre el pack Salud PNEI y mejora tu bienestar con suplementos. Precio especial: 227,25 \u20ac. Env\u00edo gratis y devoluci\u00f3n en 100 d\u00edas. Perfecto para ti.","breadcrumb":{"@id":"https:\/\/ruthmolinanutricion.es\/en\/producto\/pack-salud-pnei-suplementacion-de-bienestar\/#breadcrumb"},"inLanguage":"en-US","potentialAction":[{"@type":"ReadAction","target":["https:\/\/ruthmolinanutricion.es\/en\/producto\/pack-salud-pnei-suplementacion-de-bienestar\/"]}]},{"@type":"ImageObject","inLanguage":"en-US","@id":"https:\/\/ruthmolinanutricion.es\/en\/producto\/pack-salud-pnei-suplementacion-de-bienestar\/#primaryimage","url":"https:\/\/ruthmolinanutricion.es\/wp-content\/uploads\/2025\/02\/Leonardo_Vision_XL_Crear_una_imagen_elegante_que_transmita_bie_0.jpg","contentUrl":"https:\/\/ruthmolinanutricion.es\/wp-content\/uploads\/2025\/02\/Leonardo_Vision_XL_Crear_una_imagen_elegante_que_transmita_bie_0.jpg","width":1792,"height":1456},{"@type":"BreadcrumbList","@id":"https:\/\/ruthmolinanutricion.es\/en\/producto\/pack-salud-pnei-suplementacion-de-bienestar\/#breadcrumb","itemListElement":[{"@type":"ListItem","position":1,"name":"Portada","item":"https:\/\/ruthmolinanutricion.es\/en\/home\/"},{"@type":"ListItem","position":2,"name":"Tienda","item":"https:\/\/ruthmolinanutricion.es\/en\/tienda\/"},{"@type":"ListItem","position":3,"name":"Pack salud PNEI &amp; Suplementaci\u00f3n de bienestar"}]},{"@type":"WebSite","@id":"https:\/\/ruthmolinanutricion.es\/en\/#website","url":"https:\/\/ruthmolinanutricion.es\/en\/","name":"Cuerpo &amp; Mente PNEI","description":"","potentialAction":[{"@type":"SearchAction","target":{"@type":"EntryPoint","urlTemplate":"https:\/\/ruthmolinanutricion.es\/en\/?s={search_term_string}"},"query-input":{"@type":"PropertyValueSpecification","valueRequired":true,"valueName":"search_term_string"}}],"inLanguage":"en-US"}]}},"_links":{"self":[{"href":"https:\/\/ruthmolinanutricion.es\/en\/wp-json\/wp\/v2\/product\/621","targetHints":{"allow":["GET"]}}],"collection":[{"href":"https:\/\/ruthmolinanutricion.es\/en\/wp-json\/wp\/v2\/product"}],"about":[{"href":"https:\/\/ruthmolinanutricion.es\/en\/wp-json\/wp\/v2\/types\/product"}],"replies":[{"embeddable":true,"href":"https:\/\/ruthmolinanutricion.es\/en\/wp-json\/wp\/v2\/comments?post=621"}],"wp:featuredmedia":[{"embeddable":true,"href":"https:\/\/ruthmolinanutricion.es\/en\/wp-json\/wp\/v2\/media\/405"}],"wp:attachment":[{"href":"https:\/\/ruthmolinanutricion.es\/en\/wp-json\/wp\/v2\/media?parent=621"}],"wp:term":[{"taxonomy":"marca","embeddable":true,"href":"https:\/\/ruthmolinanutricion.es\/en\/wp-json\/wp\/v2\/marca?post=621"},{"taxonomy":"product_brand","embeddable":true,"href":"https:\/\/ruthmolinanutricion.es\/en\/wp-json\/wp\/v2\/product_brand?post=621"},{"taxonomy":"product_cat","embeddable":true,"href":"https:\/\/ruthmolinanutricion.es\/en\/wp-json\/wp\/v2\/product_cat?post=621"},{"taxonomy":"product_tag","embeddable":true,"href":"https:\/\/ruthmolinanutricion.es\/en\/wp-json\/wp\/v2\/product_tag?post=621"}],"curies":[{"name":"wp","href":"https:\/\/api.w.org\/{rel}","templated":true}]}}