{"id":622,"date":"2025-02-19T17:34:20","date_gmt":"2025-02-19T17:34:20","guid":{"rendered":"https:\/\/ruthmolinanutricion.es\/producto\/suplementacion-pnei-equilibrio\/"},"modified":"2025-04-30T20:19:00","modified_gmt":"2025-04-30T20:19:00","slug":"suplementacion-pnei-equilibrio","status":"publish","type":"product","link":"https:\/\/ruthmolinanutricion.es\/en\/producto\/suplementacion-pnei-equilibrio\/","title":{"rendered":"Suplementaci\u00f3n PNEI Equilibrio"},"content":{"rendered":"","protected":false},"excerpt":{"rendered":"<p>Equilibrio integral con suplementaci\u00f3n PNEI.<\/p>\n","protected":false},"featured_media":392,"comment_status":"open","ping_status":"closed","template":"","meta":{"_acf_changed":false,"iawp_total_views":0},"marca":[60,61],"product_brand":[],"product_cat":[110,100],"product_tag":[130,120,124],"class_list":{"0":"post-622","1":"product","2":"type-product","3":"status-publish","4":"has-post-thumbnail","6":"marca-cuerpomente","7":"marca-pnei-salud","8":"product_cat-consultas-pnei-en","9":"product_cat-suplementos-en","10":"product_tag-pnei-en","11":"product_tag-salud-integral-en","12":"product_tag-suplementacion-en","14":"first","15":"instock","16":"shipping-taxable","17":"purchasable","18":"product-type-simple"},"acf":[],"yoast_head":"<!-- This site is optimized with the Yoast SEO plugin v27.4 - https:\/\/yoast.com\/product\/yoast-seo-wordpress\/ -->\n<title>Suplementaci\u00f3n PNEI Equilibrio - Cuerpo &amp; Mente PNEI<\/title>\n<meta name=\"description\" content=\"Descubre el equilibrio integral con nuestra Suplementaci\u00f3n PNEI. Calidad garantizada, env\u00edo gratis y facilidad de devoluci\u00f3n. \u00a1Optimiza tu salud!\" \/>\n<meta name=\"robots\" content=\"index, follow, max-snippet:-1, max-image-preview:large, max-video-preview:-1\" \/>\n<link rel=\"canonical\" href=\"https:\/\/ruthmolinanutricion.es\/en\/producto\/suplementacion-pnei-equilibrio\/\" \/>\n<meta property=\"og:locale\" content=\"en_US\" \/>\n<meta property=\"og:type\" content=\"article\" \/>\n<meta property=\"og:title\" content=\"Suplementaci\u00f3n PNEI Equilibrio - Cuerpo &amp; Mente PNEI\" \/>\n<meta property=\"og:description\" content=\"Descubre el equilibrio integral con nuestra Suplementaci\u00f3n PNEI. Calidad garantizada, env\u00edo gratis y facilidad de devoluci\u00f3n. \u00a1Optimiza tu salud!\" \/>\n<meta property=\"og:url\" content=\"https:\/\/ruthmolinanutricion.es\/en\/producto\/suplementacion-pnei-equilibrio\/\" \/>\n<meta property=\"og:site_name\" content=\"Cuerpo &amp; Mente PNEI\" \/>\n<meta property=\"article:modified_time\" content=\"2025-04-30T20:19:00+00:00\" \/>\n<meta property=\"og:image\" content=\"https:\/\/ruthmolinanutricion.es\/wp-content\/uploads\/2025\/02\/Leonardo_Vision_XL_Imagen_elegante_que_combine_elementos_visua_0.jpg\" \/>\n\t<meta property=\"og:image:width\" content=\"1792\" \/>\n\t<meta property=\"og:image:height\" content=\"1456\" \/>\n\t<meta property=\"og:image:type\" content=\"image\/jpeg\" \/>\n<meta name=\"twitter:card\" content=\"summary_large_image\" \/>\n<!-- \/ Yoast SEO plugin. -->","yoast_head_json":{"title":"Suplementaci\u00f3n PNEI Equilibrio - Cuerpo & Mente PNEI","description":"Descubre el equilibrio integral con nuestra Suplementaci\u00f3n PNEI. Calidad garantizada, env\u00edo gratis y facilidad de devoluci\u00f3n. \u00a1Optimiza tu salud!","robots":{"index":"index","follow":"follow","max-snippet":"max-snippet:-1","max-image-preview":"max-image-preview:large","max-video-preview":"max-video-preview:-1"},"canonical":"https:\/\/ruthmolinanutricion.es\/en\/producto\/suplementacion-pnei-equilibrio\/","og_locale":"en_US","og_type":"article","og_title":"Suplementaci\u00f3n PNEI Equilibrio - Cuerpo & Mente PNEI","og_description":"Descubre el equilibrio integral con nuestra Suplementaci\u00f3n PNEI. Calidad garantizada, env\u00edo gratis y facilidad de devoluci\u00f3n. \u00a1Optimiza tu salud!","og_url":"https:\/\/ruthmolinanutricion.es\/en\/producto\/suplementacion-pnei-equilibrio\/","og_site_name":"Cuerpo &amp; Mente PNEI","article_modified_time":"2025-04-30T20:19:00+00:00","og_image":[{"width":1792,"height":1456,"url":"https:\/\/ruthmolinanutricion.es\/wp-content\/uploads\/2025\/02\/Leonardo_Vision_XL_Imagen_elegante_que_combine_elementos_visua_0.jpg","type":"image\/jpeg"}],"twitter_card":"summary_large_image","schema":{"@context":"https:\/\/schema.org","@graph":[{"@type":"WebPage","@id":"https:\/\/ruthmolinanutricion.es\/en\/producto\/suplementacion-pnei-equilibrio\/","url":"https:\/\/ruthmolinanutricion.es\/en\/producto\/suplementacion-pnei-equilibrio\/","name":"Suplementaci\u00f3n PNEI Equilibrio - Cuerpo & Mente PNEI","isPartOf":{"@id":"https:\/\/ruthmolinanutricion.es\/en\/#website"},"primaryImageOfPage":{"@id":"https:\/\/ruthmolinanutricion.es\/en\/producto\/suplementacion-pnei-equilibrio\/#primaryimage"},"image":{"@id":"https:\/\/ruthmolinanutricion.es\/en\/producto\/suplementacion-pnei-equilibrio\/#primaryimage"},"thumbnailUrl":"https:\/\/ruthmolinanutricion.es\/wp-content\/uploads\/2025\/02\/Leonardo_Vision_XL_Imagen_elegante_que_combine_elementos_visua_0.jpg","datePublished":"2025-02-19T17:34:20+00:00","dateModified":"2025-04-30T20:19:00+00:00","description":"Descubre el equilibrio integral con nuestra Suplementaci\u00f3n PNEI. Calidad garantizada, env\u00edo gratis y facilidad de devoluci\u00f3n. \u00a1Optimiza tu salud!","breadcrumb":{"@id":"https:\/\/ruthmolinanutricion.es\/en\/producto\/suplementacion-pnei-equilibrio\/#breadcrumb"},"inLanguage":"en-US","potentialAction":[{"@type":"ReadAction","target":["https:\/\/ruthmolinanutricion.es\/en\/producto\/suplementacion-pnei-equilibrio\/"]}]},{"@type":"ImageObject","inLanguage":"en-US","@id":"https:\/\/ruthmolinanutricion.es\/en\/producto\/suplementacion-pnei-equilibrio\/#primaryimage","url":"https:\/\/ruthmolinanutricion.es\/wp-content\/uploads\/2025\/02\/Leonardo_Vision_XL_Imagen_elegante_que_combine_elementos_visua_0.jpg","contentUrl":"https:\/\/ruthmolinanutricion.es\/wp-content\/uploads\/2025\/02\/Leonardo_Vision_XL_Imagen_elegante_que_combine_elementos_visua_0.jpg","width":1792,"height":1456},{"@type":"BreadcrumbList","@id":"https:\/\/ruthmolinanutricion.es\/en\/producto\/suplementacion-pnei-equilibrio\/#breadcrumb","itemListElement":[{"@type":"ListItem","position":1,"name":"Portada","item":"https:\/\/ruthmolinanutricion.es\/en\/home\/"},{"@type":"ListItem","position":2,"name":"Tienda","item":"https:\/\/ruthmolinanutricion.es\/en\/tienda\/"},{"@type":"ListItem","position":3,"name":"Suplementaci\u00f3n PNEI Equilibrio"}]},{"@type":"WebSite","@id":"https:\/\/ruthmolinanutricion.es\/en\/#website","url":"https:\/\/ruthmolinanutricion.es\/en\/","name":"Cuerpo &amp; Mente PNEI","description":"","potentialAction":[{"@type":"SearchAction","target":{"@type":"EntryPoint","urlTemplate":"https:\/\/ruthmolinanutricion.es\/en\/?s={search_term_string}"},"query-input":{"@type":"PropertyValueSpecification","valueRequired":true,"valueName":"search_term_string"}}],"inLanguage":"en-US"}]}},"_links":{"self":[{"href":"https:\/\/ruthmolinanutricion.es\/en\/wp-json\/wp\/v2\/product\/622","targetHints":{"allow":["GET"]}}],"collection":[{"href":"https:\/\/ruthmolinanutricion.es\/en\/wp-json\/wp\/v2\/product"}],"about":[{"href":"https:\/\/ruthmolinanutricion.es\/en\/wp-json\/wp\/v2\/types\/product"}],"replies":[{"embeddable":true,"href":"https:\/\/ruthmolinanutricion.es\/en\/wp-json\/wp\/v2\/comments?post=622"}],"wp:featuredmedia":[{"embeddable":true,"href":"https:\/\/ruthmolinanutricion.es\/en\/wp-json\/wp\/v2\/media\/392"}],"wp:attachment":[{"href":"https:\/\/ruthmolinanutricion.es\/en\/wp-json\/wp\/v2\/media?parent=622"}],"wp:term":[{"taxonomy":"marca","embeddable":true,"href":"https:\/\/ruthmolinanutricion.es\/en\/wp-json\/wp\/v2\/marca?post=622"},{"taxonomy":"product_brand","embeddable":true,"href":"https:\/\/ruthmolinanutricion.es\/en\/wp-json\/wp\/v2\/product_brand?post=622"},{"taxonomy":"product_cat","embeddable":true,"href":"https:\/\/ruthmolinanutricion.es\/en\/wp-json\/wp\/v2\/product_cat?post=622"},{"taxonomy":"product_tag","embeddable":true,"href":"https:\/\/ruthmolinanutricion.es\/en\/wp-json\/wp\/v2\/product_tag?post=622"}],"curies":[{"name":"wp","href":"https:\/\/api.w.org\/{rel}","templated":true}]}}